{"id":268,"date":"2023-07-11T20:01:16","date_gmt":"2023-07-11T20:01:16","guid":{"rendered":"https:\/\/ulyssesdmd.study\/?page_id=268"},"modified":"2024-03-25T21:26:53","modified_gmt":"2024-03-25T21:26:53","slug":"find-a-study-site","status":"publish","type":"page","link":"https:\/\/ulyssesdmd.study\/be-fr\/find-a-study-site\/","title":{"rendered":"TROUVER UN CENTRE D\u2019\u00c9TUDE"},"content":{"rendered":"<p>[et_pb_section fb_built=&#8221;1&#8243; custom_padding_last_edited=&#8221;on|phone&#8221; admin_label=&#8221;HERO SECTION&#8221; _builder_version=&#8221;4.21.0&#8243; background_image=&#8221;https:\/\/ulyssesdmd.study\/be-fr\/wp-content\/uploads\/2023\/07\/map-bkg.jpg&#8221; background_position=&#8221;top_center&#8221; background_vertical_offset=&#8221;154px&#8221; custom_padding=&#8221;324px||||false|false&#8221; custom_padding_tablet=&#8221;||0px||false|false&#8221; custom_padding_phone=&#8221;150px||0px||false|false&#8221; background_last_edited=&#8221;on|tablet&#8221; background_size_tablet=&#8221;cover&#8221; background_size_phone=&#8221;cover&#8221; background_image_height_tablet=&#8221;60%&#8221; background_position_tablet=&#8221;top_right&#8221; background_horizontal_offset_tablet=&#8221;45%&#8221; background_vertical_offset_tablet=&#8221;132px&#8221; global_colors_info=&#8221;{}&#8221;][et_pb_row column_structure=&#8221;1_2,1_2&#8243; custom_padding_last_edited=&#8221;on|phone&#8221; _builder_version=&#8221;4.21.0&#8243; background_size=&#8221;initial&#8221; background_position=&#8221;top_left&#8221; background_repeat=&#8221;repeat&#8221; width_tablet=&#8221;90%&#8221; width_phone=&#8221;90%&#8221; width_last_edited=&#8221;on|phone&#8221; custom_padding_tablet=&#8221;||0px||false|false&#8221; custom_padding_phone=&#8221;||0px||false|false&#8221; global_colors_info=&#8221;{}&#8221;][et_pb_column type=&#8221;1_2&#8243; _builder_version=&#8221;4.16&#8243; custom_padding=&#8221;|||&#8221; global_colors_info=&#8221;{}&#8221; custom_padding__hover=&#8221;|||&#8221;][et_pb_text _builder_version=&#8221;4.21.0&#8243; _module_preset=&#8221;default&#8221; header_2_font=&#8221;|||on|||||&#8221; header_2_text_color=&#8221;#FFFFFF&#8221; header_2_font_size=&#8221;35px&#8221; header_2_letter_spacing=&#8221;0.01px&#8221; background_color=&#8221;RGBA(255,255,255,0)&#8221; custom_margin_tablet=&#8221;0px||0px||true|false&#8221; custom_margin_phone=&#8221;0px||0px||true|false&#8221; custom_margin_last_edited=&#8221;on|phone&#8221; custom_padding_tablet=&#8221;0px||0px||true|false&#8221; custom_padding_phone=&#8221;0px||0px||true|false&#8221; custom_padding_last_edited=&#8221;on|phone&#8221; header_2_font_size_tablet=&#8221;35px&#8221; header_2_font_size_phone=&#8221;25px&#8221; header_2_font_size_last_edited=&#8221;on|phone&#8221; global_colors_info=&#8221;{}&#8221;]<\/p>\n<h2>TROUVER UN CENTRE D\u2019\u00c9TUDE<\/h2>\n<p>[\/et_pb_text][et_pb_text _builder_version=&#8221;4.21.0&#8243; _module_preset=&#8221;default&#8221; text_font=&#8221;|300|||||||&#8221; text_text_color=&#8221;#FFFFFF&#8221; ul_line_height=&#8221;44px&#8221; header_2_font=&#8221;|600|||||||&#8221; header_2_text_color=&#8221;#113157&#8243; header_2_font_size=&#8221;35px&#8221; header_3_font=&#8221;|600|||||||&#8221; header_3_text_color=&#8221;#E43C2F&#8221; header_3_font_size=&#8221;25px&#8221; max_width=&#8221;85%&#8221; max_width_tablet=&#8221;83%&#8221; max_width_phone=&#8221;90%&#8221; max_width_last_edited=&#8221;on|phone&#8221; text_font_size_tablet=&#8221;&#8221; text_font_size_phone=&#8221;20px&#8221; text_font_size_last_edited=&#8221;on|phone&#8221; text_line_height_tablet=&#8221;&#8221; text_line_height_phone=&#8221;&#8221; text_line_height_last_edited=&#8221;on|desktop&#8221; locked=&#8221;off&#8221; global_colors_info=&#8221;{}&#8221;]Pour en savoir plus sur cette \u00e9tude, demande \u00e0 tes parents\/ton tuteur de contacter l\u2019un des centres d\u2019\u00e9tude locaux indiqu\u00e9s ci-dessous :[\/et_pb_text][\/et_pb_column][et_pb_column type=&#8221;1_2&#8243; _builder_version=&#8221;4.16&#8243; custom_padding=&#8221;|||&#8221; global_colors_info=&#8221;{}&#8221; custom_padding__hover=&#8221;|||&#8221;][et_pb_image src=&#8221;https:\/\/ulyssesdmd.study\/be-fr\/wp-content\/uploads\/2023\/07\/fas-microscope.png&#8221; alt=&#8221;People&#8221; title_text=&#8221;fas-microscope&#8221; align=&#8221;right&#8221; _builder_version=&#8221;4.21.0&#8243; _module_preset=&#8221;default&#8221; global_colors_info=&#8221;{}&#8221;][\/et_pb_image][\/et_pb_column][\/et_pb_row][\/et_pb_section][et_pb_section fb_built=&#8221;1&#8243; admin_label=&#8221;STUDY LOCATIONS SECTION&#8221; _builder_version=&#8221;4.21.0&#8243; _module_preset=&#8221;default&#8221; global_colors_info=&#8221;{}&#8221;][et_pb_row make_equal=&#8221;on&#8221; custom_padding_last_edited=&#8221;on|tablet&#8221; _builder_version=&#8221;4.21.0&#8243; _module_preset=&#8221;default&#8221; width_tablet=&#8221;90%&#8221; width_phone=&#8221;90%&#8221; width_last_edited=&#8221;on|tablet&#8221; custom_padding=&#8221;100px||100px||true|false&#8221; custom_padding_tablet=&#8221;0px||0px||true|false&#8221; custom_padding_phone=&#8221;0px||0px||true|false&#8221; custom_css_main_element=&#8221;align-items:center;&#8221; global_colors_info=&#8221;{}&#8221;][et_pb_column type=&#8221;4_4&#8243; _builder_version=&#8221;4.21.0&#8243; _module_preset=&#8221;default&#8221; global_colors_info=&#8221;{}&#8221;][et_pb_accordion open_toggle_text_color=&#8221;#FFFFFF&#8221; open_toggle_background_color=&#8221;#FFFFFF&#8221; closed_toggle_background_color=&#8221;#FFFFFF&#8221; toggle_icon=&#8221;&#xf068;||fa||900&#8243; icon_color=&#8221;#FFFFFF&#8221; use_icon_font_size=&#8221;on&#8221; icon_font_size=&#8221;18px&#8221; _builder_version=&#8221;4.24.2&#8243; _module_preset=&#8221;default&#8221; toggle_text_color=&#8221;#FFFFFF&#8221; toggle_font=&#8221;|||on|||||&#8221; toggle_font_size=&#8221;25px&#8221; body_font=&#8221;||||||||&#8221; body_font_size=&#8221;23px&#8221; body_line_height=&#8221;30px&#8221; body_link_text_color=&#8221;#1E8C8E&#8221; custom_margin=&#8221;||||false|false&#8221; hover_enabled=&#8221;0&#8243; body_font_size_tablet=&#8221;20px&#8221; body_font_size_phone=&#8221;18px&#8221; body_font_size_last_edited=&#8221;on|phone&#8221; custom_css_toggle=&#8221;padding:0;&#8221; custom_css_toggle_title=&#8221;padding:15px 15px 15px 15px!important;&#8221; custom_css_toggle_icon=&#8221;padding-right:25px;&#8221; custom_css_toggle_content=&#8221;padding: 30px 15px;&#8221; border_width_all=&#8221;0px&#8221; global_colors_info=&#8221;{}&#8221; body_link_text_color__hover_enabled=&#8221;on|desktop&#8221; body_link_text_color__hover=&#8221;#6C6F74&#8243; sticky_enabled=&#8221;0&#8243;][et_pb_accordion_item title=&#8221;Leuven&#8221; open=&#8221;on&#8221; icon_color=&#8221;#FFFFFF&#8221; toggle_icon=&#8221;&#xf067;||fa||900&#8243; open_icon_color=&#8221;#FFFFFF&#8221; _builder_version=&#8221;4.24.2&#8243; _module_preset=&#8221;default&#8221; hover_enabled=&#8221;0&#8243; global_colors_info=&#8221;{}&#8221; sticky_enabled=&#8221;0&#8243;]<\/p>\n<p>Personne \u00e0 contacter : <span>UZLeuven<\/span><\/p>\n<p>T\u00e9l\u00e9phone : <a href=\"tel:3216348177\"><span>+32 16 34 81 77<\/span><\/a><\/p>\n<p>Courriel : <a href=\"mailto:eline.cuveele@uzleuven.be\">eline.cuveele@uzleuven.be<\/a><\/p>\n<p>[\/et_pb_accordion_item][\/et_pb_accordion][\/et_pb_column][\/et_pb_row][\/et_pb_section]<\/p>\n","protected":false},"excerpt":{"rendered":"<p>TROUVER UN CENTRE D\u2019\u00c9TUDEPour en savoir plus sur cette \u00e9tude, demande \u00e0 tes parents\/ton tuteur de contacter l\u2019un des centres d\u2019\u00e9tude locaux indiqu\u00e9s ci-dessous :Personne \u00e0 contacter : UZLeuven T\u00e9l\u00e9phone : +32 16 34 81 77 Courriel : eline.cuveele@uzleuven.be<\/p>\n","protected":false},"author":1,"featured_media":0,"parent":0,"menu_order":0,"comment_status":"closed","ping_status":"closed","template":"","meta":{"_et_pb_use_builder":"on","_et_pb_old_content":"","_et_gb_content_width":"","footnotes":""},"class_list":["post-268","page","type-page","status-publish","hentry"],"_links":{"self":[{"href":"https:\/\/ulyssesdmd.study\/be-fr\/wp-json\/wp\/v2\/pages\/268","targetHints":{"allow":["GET"]}}],"collection":[{"href":"https:\/\/ulyssesdmd.study\/be-fr\/wp-json\/wp\/v2\/pages"}],"about":[{"href":"https:\/\/ulyssesdmd.study\/be-fr\/wp-json\/wp\/v2\/types\/page"}],"author":[{"embeddable":true,"href":"https:\/\/ulyssesdmd.study\/be-fr\/wp-json\/wp\/v2\/users\/1"}],"replies":[{"embeddable":true,"href":"https:\/\/ulyssesdmd.study\/be-fr\/wp-json\/wp\/v2\/comments?post=268"}],"version-history":[{"count":28,"href":"https:\/\/ulyssesdmd.study\/be-fr\/wp-json\/wp\/v2\/pages\/268\/revisions"}],"predecessor-version":[{"id":530,"href":"https:\/\/ulyssesdmd.study\/be-fr\/wp-json\/wp\/v2\/pages\/268\/revisions\/530"}],"wp:attachment":[{"href":"https:\/\/ulyssesdmd.study\/be-fr\/wp-json\/wp\/v2\/media?parent=268"}],"curies":[{"name":"wp","href":"https:\/\/api.w.org\/{rel}","templated":true}]}}