{"id":284,"date":"2023-07-11T21:12:15","date_gmt":"2023-07-11T21:12:15","guid":{"rendered":"https:\/\/ulyssesdmd.study\/?page_id=284"},"modified":"2025-11-02T21:22:21","modified_gmt":"2025-11-02T21:22:21","slug":"terms-and-conditions-and-privacy-policy","status":"publish","type":"page","link":"https:\/\/ulyssesdmd.study\/cz-cz\/terms-and-conditions-and-privacy-policy\/","title":{"rendered":"PODM\u00cdNKY A UJEDN\u00c1N\u00cd A Z\u00c1SADY OCHRANY OSOBN\u00cdCH \u00daDAJ\u016e"},"content":{"rendered":"<p>[et_pb_section fb_built=&#8221;1&#8243; admin_label=&#8221;WHAT IS THE ULYSSES STUDY&#8221; _builder_version=&#8221;4.21.0&#8243; _module_preset=&#8221;default&#8221; custom_padding=&#8221;132px||||false|false&#8221; global_colors_info=&#8221;{}&#8221;][et_pb_row make_equal=&#8221;on&#8221; custom_padding_last_edited=&#8221;on|phone&#8221; _builder_version=&#8221;4.21.0&#8243; _module_preset=&#8221;default&#8221; background_image=&#8221;https:\/\/ulyssesdmd.study\/cz-cz\/wp-content\/uploads\/2023\/07\/terms-bkg.png&#8221; background_size=&#8221;contain&#8221; background_position=&#8221;bottom_center&#8221; background_vertical_offset=&#8221;-200px&#8221; width_tablet=&#8221;90%&#8221; width_phone=&#8221;90%&#8221; width_last_edited=&#8221;on|tablet&#8221; custom_padding=&#8221;150px||250px||false|false&#8221; custom_padding_tablet=&#8221;219px||219px||true|false&#8221; custom_padding_phone=&#8221;65px||65px||true|false&#8221; background_last_edited=&#8221;on|phone&#8221; background_position_phone=&#8221;bottom_center&#8221; background_vertical_offset_phone=&#8221;0px&#8221; custom_css_main_element=&#8221;align-items:center;&#8221; global_colors_info=&#8221;{}&#8221;][et_pb_column type=&#8221;4_4&#8243; _builder_version=&#8221;4.21.0&#8243; _module_preset=&#8221;default&#8221; global_colors_info=&#8221;{}&#8221;][et_pb_text _builder_version=&#8221;4.27.4&#8243; _module_preset=&#8221;default&#8221; text_text_color=&#8221;#4a4f55&#8243; text_font_size=&#8221;20px&#8221; text_line_height=&#8221;34px&#8221; hover_enabled=&#8221;0&#8243; global_colors_info=&#8221;{}&#8221; sticky_enabled=&#8221;0&#8243;]<\/p>\n<p>PODM\u00cdNKY A UJEDN\u00c1N\u00cd A Z\u00c1SADY OCHRANY OSOBN\u00cdCH \u00daDAJ\u016e<\/p>\n<p>\u00da\u010dinn\u00e9 od: 16 \u010dervna 2023<\/p>\n<p>Tyto webov\u00e9 str\u00e1nky (UlyssesDMD.study) jsou ur\u010deny k informov\u00e1n\u00ed potenci\u00e1ln\u00edch \u00fa\u010dastn\u00edk\u016f o v\u00fdzkumn\u00e9 klinick\u00e9 studii (DSC\/14\/2357\/50 \u201eULYSSES\u201c). Webov\u00e9 str\u00e1nky spravuje spole\u010dnost Merge, LLC (d\u00e1le jen \u201eMERGE\u201c), extern\u00ed dodavatel zadavatele studie (viz n\u00ed\u017ee) pracuj\u00edc\u00ed na z\u00e1klad\u011b smlouvy, a nikoli samotn\u00fd zadavatel studie. \u201eMy\u201c nebo \u201en\u00e1s\u201c znamen\u00e1 spole\u010dnost MERGE. \u201eU\u017eivatel\u201c nebo \u201evy\u201c znamen\u00e1 jednotlivce, kte\u0159\u00ed pou\u017e\u00edvaj\u00ed webovou str\u00e1nku. Zadavatelem studie a t\u011bchto webov\u00fdch str\u00e1nek je spole\u010dnost Italfarmaco S.p.A., Cinisello Balsamo, It\u00e1lie.<\/p>\n<p>U\u017eivatel\u016fm str\u00e1nek jsou zde k dispozici krit\u00e9ria, kter\u00e1 by m\u011bli zv\u00e1\u017eit, aby sami zjistili, zda mohou b\u00fdt zp\u016fsobil\u00ed k \u00fa\u010dasti ve studii. U\u017eivatel\u016fm, kte\u0159\u00ed se domn\u00edvaj\u00ed, \u017ee mohou b\u00fdt zp\u016fsobil\u00ed, nab\u00edz\u00edme, aby kontaktovali jedno z uveden\u00fdch pracovi\u0161\u0165 prov\u00e1d\u011bj\u00edc\u00edch studii pro dal\u0161\u00ed informace o mo\u017en\u00e9 \u00fa\u010dasti ve studii. Na z\u00e1klad\u011b zdravotn\u00ed anamn\u00e9zy, test\u016f a dal\u0161\u00edch informac\u00ed o u\u017eivateli u\u010din\u00ed pracovi\u0161t\u011b prov\u00e1d\u011bj\u00edc\u00ed studii kone\u010dn\u00e9 rozhodnut\u00ed, zda je u\u017eivatel zp\u016fsobil\u00fd a zda bude jeho \u00fa\u010dast ve studii schv\u00e1lena. Spln\u011bn\u00ed po\u017eadavk\u016f hodnocen\u00ed, kter\u00e9 provedl s\u00e1m u\u017eivatel, samo o sob\u011b NEZNAMEN\u00c1, \u017ee u\u017eivatel je zp\u016fsobil\u00fd a jeho \u00fa\u010dast ve studii bude schv\u00e1lena.<\/p>\n<p>Tyto webov\u00e9 str\u00e1nky slou\u017e\u00ed pouze pro informa\u010dn\u00ed \u00fa\u010dely. Va\u0161e pou\u017e\u00edv\u00e1n\u00ed webov\u00fdch str\u00e1nek NEVYTV\u00c1\u0158\u00cd \u017e\u00e1dn\u00fd pr\u00e1vn\u00ed vztah, a\u0165 u\u017e na z\u00e1klad\u011b smlouvy nebo jinak, mezi n\u00e1mi nebo pracovi\u0161t\u011bm prov\u00e1d\u011bj\u00edc\u00edm studii a v\u00e1mi, nebo zadavatelem a v\u00e1mi nebo jin\u00fdm u\u017eivatelem. Va\u0161e pou\u017e\u00edv\u00e1n\u00ed webov\u00fdch str\u00e1nek a rozhodnut\u00ed, zda kontaktovat jedno z uveden\u00fdch pracovi\u0161\u0165 prov\u00e1d\u011bj\u00edc\u00edch studii, je dobrovoln\u00e9 a nez\u00e1vazn\u00e9.<\/p>\n<p>V MAXIM\u00c1LN\u00cdM ROZSAHU POVOLEN\u00c9M PLATN\u00ddMI Z\u00c1KONY NEPOSKYTUJEME \u017d\u00c1DN\u00c9 Z\u00c1RUKY T\u00ddKAJ\u00cdC\u00cd SE WEBOV\u00ddCH STR\u00c1NEK, P\u0158ESNOSTI A \u00daPLNOSTI INFORMAC\u00cd NA NICH OBSA\u017dEN\u00ddCH A JAK\u00ddCHKOLI POSKYTOVAN\u00ddCH SLU\u017dEB. WEBOV\u00c9 STR\u00c1NKY, INFORMACE NA NICH OBSA\u017dEN\u00c9 A JAK\u00c9KOLI SLU\u017dBY JSOU TEDY U\u017dIVATELI POSKYTOV\u00c1NY A J\u00cdM P\u0158IJ\u00cdM\u00c1NY \u201eV TAKOV\u00c9 PODOB\u011a, V JAK\u00c9 JSOU\u201c, BEZ JAK\u00c9KOLI Z\u00c1RUKY. V\u0160ECHNY Z\u00c1RUKY, V\u00ddSLOVN\u00c9 NEBO P\u0158EDPOKL\u00c1DAN\u00c9, V\u010cETN\u011a JAK\u00ddCHKOLI Z\u00c1RUK OBCHODOVATELNOSTI NEBO VHODNOSTI PRO JAK\u00ddKOLI KONKR\u00c9TN\u00cd \u00da\u010cEL, JSOU V\u00ddSLOVN\u011a VYLOU\u010cENY A ODM\u00cdTNUTY. NEZARU\u010cUJEME, \u017dE WEBOV\u00c9 STR\u00c1NKY, INFORMACE NA NICH OBSA\u017dEN\u00c9 NEBO JAK\u00c9KOLI SLU\u017dBY SPLN\u00cd PO\u017dADAVKY U\u017dIVATELE, BUDOU FUNGOVAT BEZ P\u0158ERU\u0160EN\u00cd, BUDOU BEZ CHYB, ZCELA ZABEZPE\u010cEN\u00c9 NEBO \u017dE JAK\u00c9KOLI PORUCHY BUDOU ZJI\u0160T\u011aNY A ODSTRAN\u011aNY. V\u00ddSLOVN\u011a SE Z\u0158\u00cdK\u00c1ME ODPOV\u011aDNOSTI ZA \u00daPLNOST, P\u0158ESNOST NEBO KVALITU WEBOV\u00ddCH STR\u00c1NEK, INFORMAC\u00cd NA NICH OBSA\u017dEN\u00ddCH NEBO JAK\u00ddCHKOLI POSKYTOVAN\u00ddCH SLU\u017dEB A TAKOVOU ODPOV\u011aDNOST ODM\u00cdT\u00c1ME.<\/p>\n<p>Nem\u00e1me \u017e\u00e1dnou kontrolu nad jakoukoli t\u0159et\u00ed stranou spojenou s webov\u00fdmi str\u00e1nkami, informacemi na nich obsa\u017een\u00fdmi nebo jak\u00fdmikoli poskytovan\u00fdmi slu\u017ebami, co\u017e se mimo jin\u00e9 t\u00fdk\u00e1 uveden\u00fdch pracovi\u0161\u0165 prov\u00e1d\u011bj\u00edc\u00edch studii, kter\u00e1 jsou nez\u00e1visl\u00fdmi dodavateli a mimo na\u0161i spr\u00e1vu a kontrolu, a spole\u010dnost MERGE za n\u011b nep\u0159ij\u00edm\u00e1 \u017e\u00e1dnou odpov\u011bdnost.<\/p>\n<p>Spole\u010dnost MERGE nenese odpov\u011bdnost v\u016f\u010di u\u017eivateli ani \u017e\u00e1dn\u00fdm t\u0159et\u00edm stran\u00e1m za jak\u00e9koli n\u00e1sledn\u00e9, nep\u0159\u00edm\u00e9, trestn\u00ed, zvl\u00e1\u0161tn\u00ed, exempl\u00e1rn\u00ed nebo n\u00e1hodn\u00e9 \u0161kody nebo v\u00fddaje, nebo \u0161kody nebo v\u00fddaje jak\u00e9hokoli druhu vypl\u00fdvaj\u00edc\u00ed ze ztr\u00e1ty o\u010dek\u00e1van\u00fdch zisk\u016f, p\u0159eru\u0161en\u00ed podnik\u00e1n\u00ed, ztr\u00e1ty pou\u017eit\u00ed, ztr\u00e1ty p\u0159\u00edjm\u016f, po\u0161kozen\u00ed dat, ztr\u00e1ty dobr\u00e9ho jm\u00e9na, n\u00e1klad\u016f na kapit\u00e1l, ztr\u00e1ty nebo po\u0161kozen\u00ed majetku nebo vybaven\u00ed a ztr\u00e1ty pov\u011bsti nebo jak\u00e9koli jin\u00e9 podobn\u00e9 \u0161kody nebo ztr\u00e1ty, a\u0165 u\u017e na z\u00e1klad\u011b smlouvy, deliktu, odpov\u011bdnosti za v\u00fdrobek (v\u010detn\u011b nedbalosti nebo objektivn\u00ed odpov\u011bdnosti) nebo jinak v souvislosti s pou\u017e\u00edv\u00e1n\u00edm webov\u00fdch str\u00e1nek, informac\u00ed na nich obsa\u017een\u00fdch a jak\u00fdchkoli poskytovan\u00fdch slu\u017eeb nebo z nich vypl\u00fdvaj\u00edc\u00ed, i kdy\u017e budeme na mo\u017enost vzniku takov\u00fdch \u0161kod nebo v\u00fddaj\u016f upozorn\u011bni.<\/p>\n<p>Proto\u017ee se u\u017eivatel\u00e9 na webov\u00fdch str\u00e1nk\u00e1ch neregistruj\u00ed ani nijak neuv\u00e1d\u011bj\u00ed sv\u00e9 jm\u00e9no, nejsou uchov\u00e1v\u00e1ny, shroma\u017e\u010fov\u00e1ny ani sd\u00edleny \u017e\u00e1dn\u00e9 osobn\u00ed \u00fadaje u\u017eivatel\u016f, jako je jm\u00e9no, adresa, telefonn\u00ed \u010d\u00edslo nebo e mailov\u00e1 adresa.<br \/>U\u017eivatel\u00e9 pou\u017e\u00edvaj\u00ed krit\u00e9ria k proveden\u00ed vlastn\u00edho hodnocen\u00ed anonymn\u011b.Rozhodnut\u00ed kontaktovat jedno z uveden\u00fdch pracovi\u0161\u0165 prov\u00e1d\u011bj\u00edc\u00edch studii spo\u010d\u00edv\u00e1 v\u00fdhradn\u011b na jednotliv\u00e9m u\u017eivateli a webov\u00e9 str\u00e1nky neposkytuj\u00ed \u017e\u00e1dn\u00e9mu pracovi\u0161ti prov\u00e1d\u011bj\u00edc\u00edmu studii ani jin\u00e9 t\u0159et\u00ed stran\u011b \u017e\u00e1dn\u00e9 identifika\u010dn\u00ed ani jin\u00e9 informace o u\u017eivateli.<\/p>\n<p>Webov\u00e9 str\u00e1nky mohou obsahovat odkazy na t\u0159et\u00ed strany, jako jsou pracovi\u0161t\u011b prov\u00e1d\u011bj\u00edc\u00ed studii. Tyto webov\u00e9 str\u00e1nky t\u0159et\u00edch stran nespravujeme ani nekontrolujeme. Pokud t\u011bmto webov\u00fdm str\u00e1nk\u00e1m propojen\u00fdm odkazem poskytnete osobn\u00ed \u00fadaje, tyto \u00fadaje se \u0159\u00edd\u00ed jejich z\u00e1sadami ochrany osobn\u00edch \u00fadaj\u016f a\/nebo platn\u00fdmi z\u00e1kony. Neneseme odpov\u011bdnost ani neru\u010d\u00edme, p\u0159\u00edmo ani nep\u0159\u00edmo, za jakoukoli \u0161kodu nebo ztr\u00e1tu zp\u016fsobenou, \u00fadajn\u011b zp\u016fsobenou nebo spojenou s Va\u0161\u00edm pou\u017e\u00edv\u00e1n\u00edm jak\u00e9hokoli obsahu, reklamy, produkt\u016f, slu\u017eeb nebo jin\u00fdch materi\u00e1l\u016f na t\u011bchto odkazovan\u00fdch str\u00e1nk\u00e1ch nebo z nich dostupn\u00fdch \u010di spojenou s Va\u0161\u00edm spol\u00e9h\u00e1n\u00edm se na n\u011b.<\/p>\n<p>Abychom zajistili hladk\u00fd provoz webov\u00fdch str\u00e1nek a jejich efektivitu, shroma\u017e\u010fujeme ur\u010dit\u00e9 omezen\u00e9 analytick\u00e9 informace, kter\u00e9 neobsahuj\u00ed \u017e\u00e1dn\u00e9 osobn\u00ed nebo identifika\u010dn\u00ed \u00fadaje o u\u017eivatel\u00edch, jako jsou IP adresy, odkazy URL (pokud existuj\u00ed), m\u00edsto na \u00farovni m\u011bsta, prohl\u00ed\u017ee\u010d a opera\u010dn\u00ed syst\u00e9m, a pou\u017e\u00edv\u00e1me analytick\u00e9 slu\u017eby, jako je Google Analytics, a to v\u00fdhradn\u011b v souladu s platn\u00fdmi z\u00e1kony a p\u0159edpisy. Na webov\u00fdch str\u00e1nk\u00e1ch se nepou\u017e\u00edvaj\u00ed \u017e\u00e1dn\u00e9 soubory cookie, webov\u00e9 maj\u00e1ky nebo jin\u00e9 technologie sledov\u00e1n\u00ed na webu. Krom\u011b toho webov\u00e9 str\u00e1nky nijak nesleduj\u00ed u\u017eivatele, kte\u0159\u00ed zvolili funkci prohl\u00ed\u017ee\u010de \u201eDo Not Track\u201c (Nesledovat).<\/p>\n<p>V\u011bdom\u011b neshroma\u017e\u010fujeme ani nevy\u017eadujeme osobn\u011b identifikovateln\u00e9 \u00fadaje od u\u017eivatel\u016f, v\u010detn\u011b d\u011bt\u00ed mlad\u0161\u00edch t\u0159in\u00e1cti (13) let.<\/p>\n<p>Vyhrazujeme si pr\u00e1vo kdykoli bez p\u0159edchoz\u00edho upozorn\u011bn\u00ed tyto podm\u00ednky a ujedn\u00e1n\u00ed a z\u00e1sady ochrany osobn\u00edch \u00fadaj\u016f aktualizovat nebo revidovat. Datum posledn\u00ed revize podm\u00ednek a ujedn\u00e1n\u00ed a z\u00e1sad ochrany osobn\u00edch \u00fadaj\u016f je uvedeno v\u00fd\u0161e.<\/p>\n<p>Webov\u00e9 str\u00e1nky, informace na nich obsa\u017een\u00e9, ve\u0161ker\u00e9 poskytovan\u00e9 slu\u017eby a tyto podm\u00ednky a ujedn\u00e1n\u00ed a z\u00e1sady ochrany osobn\u00edch \u00fadaj\u016f se \u0159\u00edd\u00ed z\u00e1kony st\u00e1tu Severn\u00ed Karol\u00edna bez ohledu na kolizn\u00ed normy.<\/p>\n<p>Spole\u010dnost MERGE m\u00e1 s\u00eddlo na adrese 6300 Creedmoor Rd, Ste #170-364, Raleigh, NC 27612, USA a jej\u00edm posl\u00e1n\u00edm je podpora pl\u00e1nov\u00e1n\u00ed, \u0159\u00edzen\u00ed a n\u00e1bor \u00fa\u010dastn\u00edk\u016f klinick\u00fdch studi\u00ed. Pokud budete m\u00edt jak\u00e9koli dotazy k t\u011bmto podm\u00ednk\u00e1m a ujedn\u00e1n\u00edm a z\u00e1sad\u00e1m ochrany osobn\u00edch \u00fadaj\u016f, kontaktujte n\u00e1s na telefonn\u00edm \u010d\u00edsle <a href=\"tel#919-832-3924\">919-832-3924<\/a> nebo e mailem na adrese <a href=\"mailto:info@mergellc.com\">info@mergellc.com<\/a>.<\/p>\n<p>[\/et_pb_text][\/et_pb_column][\/et_pb_row][\/et_pb_section]<\/p>\n","protected":false},"excerpt":{"rendered":"<p>PODM\u00cdNKY A UJEDN\u00c1N\u00cd A Z\u00c1SADY OCHRANY OSOBN\u00cdCH \u00daDAJ\u016e \u00da\u010dinn\u00e9 od: 16 \u010dervna 2023 Tyto webov\u00e9 str\u00e1nky (UlyssesDMD.study) jsou ur\u010deny k informov\u00e1n\u00ed potenci\u00e1ln\u00edch \u00fa\u010dastn\u00edk\u016f o v\u00fdzkumn\u00e9 klinick\u00e9 studii (DSC\/14\/2357\/50 \u201eULYSSES\u201c). Webov\u00e9 str\u00e1nky spravuje spole\u010dnost Merge, LLC (d\u00e1le jen \u201eMERGE\u201c), extern\u00ed dodavatel zadavatele studie (viz n\u00ed\u017ee) pracuj\u00edc\u00ed na z\u00e1klad\u011b smlouvy, a nikoli samotn\u00fd zadavatel studie. \u201eMy\u201c nebo [&hellip;]<\/p>\n","protected":false},"author":1,"featured_media":0,"parent":0,"menu_order":0,"comment_status":"closed","ping_status":"closed","template":"","meta":{"_et_pb_use_builder":"on","_et_pb_old_content":"","_et_gb_content_width":"","footnotes":""},"class_list":["post-284","page","type-page","status-publish","hentry"],"_links":{"self":[{"href":"https:\/\/ulyssesdmd.study\/cz-cz\/wp-json\/wp\/v2\/pages\/284","targetHints":{"allow":["GET"]}}],"collection":[{"href":"https:\/\/ulyssesdmd.study\/cz-cz\/wp-json\/wp\/v2\/pages"}],"about":[{"href":"https:\/\/ulyssesdmd.study\/cz-cz\/wp-json\/wp\/v2\/types\/page"}],"author":[{"embeddable":true,"href":"https:\/\/ulyssesdmd.study\/cz-cz\/wp-json\/wp\/v2\/users\/1"}],"replies":[{"embeddable":true,"href":"https:\/\/ulyssesdmd.study\/cz-cz\/wp-json\/wp\/v2\/comments?post=284"}],"version-history":[{"count":12,"href":"https:\/\/ulyssesdmd.study\/cz-cz\/wp-json\/wp\/v2\/pages\/284\/revisions"}],"predecessor-version":[{"id":620,"href":"https:\/\/ulyssesdmd.study\/cz-cz\/wp-json\/wp\/v2\/pages\/284\/revisions\/620"}],"wp:attachment":[{"href":"https:\/\/ulyssesdmd.study\/cz-cz\/wp-json\/wp\/v2\/media?parent=284"}],"curies":[{"name":"wp","href":"https:\/\/api.w.org\/{rel}","templated":true}]}}