{"id":284,"date":"2023-07-11T21:12:15","date_gmt":"2023-07-11T21:12:15","guid":{"rendered":"https:\/\/ulyssesdmd.study\/?page_id=284"},"modified":"2025-11-06T16:02:07","modified_gmt":"2025-11-06T16:02:07","slug":"terms-and-conditions-and-privacy-policy","status":"publish","type":"page","link":"https:\/\/ulyssesdmd.study\/es-es\/terms-and-conditions-and-privacy-policy\/","title":{"rendered":"CONDICIONES GENERALES Y POL\u00cdTICA DE PRIVACIDAD"},"content":{"rendered":"<p>[et_pb_section fb_built=&#8221;1&#8243; admin_label=&#8221;WHAT IS THE ULYSSES STUDY&#8221; _builder_version=&#8221;4.21.0&#8243; _module_preset=&#8221;default&#8221; custom_padding=&#8221;132px||||false|false&#8221; global_colors_info=&#8221;{}&#8221;][et_pb_row make_equal=&#8221;on&#8221; custom_padding_last_edited=&#8221;on|phone&#8221; _builder_version=&#8221;4.21.0&#8243; _module_preset=&#8221;default&#8221; background_image=&#8221;https:\/\/ulyssesdmd.study\/es-es\/wp-content\/uploads\/2023\/07\/terms-bkg.png&#8221; background_size=&#8221;contain&#8221; background_position=&#8221;bottom_center&#8221; background_vertical_offset=&#8221;-200px&#8221; width_tablet=&#8221;90%&#8221; width_phone=&#8221;90%&#8221; width_last_edited=&#8221;on|tablet&#8221; custom_padding=&#8221;150px||250px||false|false&#8221; custom_padding_tablet=&#8221;219px||219px||true|false&#8221; custom_padding_phone=&#8221;65px||65px||true|false&#8221; background_last_edited=&#8221;on|phone&#8221; background_position_phone=&#8221;bottom_center&#8221; background_vertical_offset_phone=&#8221;0px&#8221; custom_css_main_element=&#8221;align-items:center;&#8221; global_colors_info=&#8221;{}&#8221;][et_pb_column type=&#8221;4_4&#8243; _builder_version=&#8221;4.21.0&#8243; _module_preset=&#8221;default&#8221; global_colors_info=&#8221;{}&#8221;][et_pb_text _builder_version=&#8221;4.27.4&#8243; _module_preset=&#8221;default&#8221; text_text_color=&#8221;#4a4f55&#8243; text_font_size=&#8221;20px&#8221; text_line_height=&#8221;34px&#8221; hover_enabled=&#8221;0&#8243; global_colors_info=&#8221;{}&#8221; sticky_enabled=&#8221;0&#8243;]<\/p>\n<p>CONDICIONES GENERALES Y POL\u00cdTICA DE PRIVACIDAD<\/p>\n<p>Entrada en vigor: 16 de junio de 2023<\/p>\n<p>Este sitio web (UlyssesDMD.study) est\u00e1 destinado a informar a posibles participantes acerca de un estudio de investigaci\u00f3n cl\u00ednica (DSC\/14\/2357\/50; en adelante, el estudio \u00abULYSSES\u00bb). Este sitio web est\u00e1 alojado por Merge, LLC (en adelante, \u00abMERGE\u00bb), un proveedor externo que no es promotor del estudio, pero que ha sido contratado por el promotor del estudio (v\u00e9ase m\u00e1s abajo). \u00abNosotros\u00bb y \u00abNos\u00bb hacen referencia a MERGE. Los t\u00e9rminos \u00abUsuario\u00bb y \u00abUsted\u00bb y sus variantes aluden a las personas que acceden al sitio web. El promotor del estudio y de este sitio web es Italfarmaco S.p.A., Cinisello Balsamo (Italia).<\/p>\n<p>En este sitio web se indica a los Usuarios los criterios de autoevaluaci\u00f3n que deben aplicar para determinar su posible idoneidad para el estudio. A los Usuarios que consideren que re\u00fanen los requisitos para participar se les ofrece la posibilidad de contactar con uno de los centros del estudio enumerados para obtener m\u00e1s informaci\u00f3n sobre su posible participaci\u00f3n. En funci\u00f3n de los antecedentes m\u00e9dicos, las pruebas y otros datos, el centro del estudio tomar\u00e1 la decisi\u00f3n final sobre si el Usuario es o no apto y si se le permite o no participar en el estudio. El cumplimiento de los requisitos de la autoevaluaci\u00f3n, por s\u00ed mismo, NO implica que el Usuario sea apto y se le permita participar en el estudio.<\/p>\n<p>Este sitio web se proporciona \u00fanicamente con fines informativos. El uso que usted haga del sitio web NO conlleva ninguna relaci\u00f3n jur\u00eddica, ya sea contractual o de otro tipo, entre Nosotros o un centro del estudio y Usted, o entre el promotor y Usted u otro Usuario. El uso que usted haga del sitio web, as\u00ed como su decisi\u00f3n de ponerse en contacto con uno de los centros del estudio enumerados, son acciones voluntarias que no est\u00e1n sujetas a ninguna obligaci\u00f3n.<\/p>\n<p>EN LA MEDIDA M\u00c1XIMA EN QUE LO PERMITA LA LEGISLACI\u00d3N APLICABLE, NO OFRECEMOS NINGUNA GARANT\u00cdA CON RESPECTO AL SITIO WEB, LA PRECISI\u00d3N E INTEGRIDAD DE LA INFORMACI\u00d3N QUE ESTE CONTIENE NI LOS SERVICIOS PRESTADOS. POR TANTO, EL SITIO WEB, LA INFORMACI\u00d3N QUE ESTE CONTIENE Y LOS SERVICIOS SE FACILITAN AL USUARIO, Y ESTE LOS ACEPTA, EN LAS CONDICIONES EN QUE SE ENCUENTREN, SIN GARANT\u00cdA DE NING\u00daN TIPO. TODAS LAS GARANT\u00cdAS, EXPRESAS O IMPL\u00cdCITAS, INCLUIDAS LAS GARANT\u00cdAS DE COMERCIABILIDAD O ADECUACI\u00d3N A UN FIN CONCRETO, QUEDAN ESPEC\u00cdFICAMENTE EXCLUIDAS Y RECHAZADAS. NO GARANTIZAMOS QUE EL SITIO WEB, LA INFORMACI\u00d3N QUE ESTE CONTIENE O LOS SERVICIOS SATISFAGAN LAS NECESIDADES DEL USUARIO, FUNCIONEN SIN INTERRUPCI\u00d3N, EST\u00c9N EXENTOS DE ERRORES O SEAN TOTALMENTE SEGUROS NI QUE SE DETECTEN Y CORRIJAN LOS FALLOS. RECHAZAMOS ESPEC\u00cdFICAMENTE TODA RESPONSABILIDAD RELACIONADA CON LA INTEGRIDAD, LA PRECISI\u00d3N Y LA CALIDAD DEL SITIO WEB, LA INFORMACI\u00d3N CONTENIDA EN \u00c9L O LOS SERVICIOS PRESTADOS.<\/p>\n<p>No ejercemos control alguno ni aceptamos ninguna responsabilidad por terceros asociados al sitio web, la informaci\u00f3n que este contiene o los servicios prestados, incluidos, entre otros, los centros del estudio enumerados, que son contratistas independientes y ajenos a la gesti\u00f3n y el control de MERGE.<\/p>\n<p>MERGE no aceptar\u00e1 responsabilidad alguna ante el Usuario o ante ning\u00fan tercero por da\u00f1os o gastos derivados, indirectos, punitivos, especiales, ejemplares o fortuitos, ni por da\u00f1os o gastos de cualquier tipo que se deriven de lucro cesante, interrupci\u00f3n de las actividades, p\u00e9rdida de uso, p\u00e9rdida de ingresos, corrupci\u00f3n de datos, p\u00e9rdida de fondo de comercio, coste de capital, p\u00e9rdida o da\u00f1os a la propiedad o los equipos y p\u00e9rdida de reputaci\u00f3n y todos los da\u00f1os y p\u00e9rdidas similares, ya sea por contrato, responsabilidad extracontractual, responsabilidad sobre productos (por negligencia o responsabilidad objetiva) o de otro modo en relaci\u00f3n con el uso del sitio web, la informaci\u00f3n que este contiene y los servicios prestados, aunque se Nos hubiera advertido de la posibilidad de que se produjesen tales da\u00f1os o gastos.<\/p>\n<p>Puesto que los Usuarios no se registran en el sitio web ni proporcionan de otro modo su nombre, no se recaban, conservan ni comparten datos personales de los Usuarios, como el nombre, la direcci\u00f3n, el n\u00famero de tel\u00e9fono y la direcci\u00f3n de correo electr\u00f3nico. Los Usuarios valoran los criterios de autoevaluaci\u00f3n de forma an\u00f3nima. La decisi\u00f3n de ponerse en contacto con uno de los centros del estudio enumerados corresponde \u00fanicamente al Usuario, y el sitio web no proporcionar\u00e1 ninguna informaci\u00f3n identificativa ni de otro tipo acerca del Usuario a ning\u00fan centro del estudio ni a otros agentes externos.<\/p>\n<p>El sitio web puede contener enlaces a terceros, como los centros del estudio. No gestionamos ni controlamos esos sitios web de terceros. Si facilita datos personales a esos sitios web enlazados, dichos datos estar\u00e1n regulados por sus pol\u00edticas de privacidad o por la legislaci\u00f3n aplicable. Declinamos toda responsabilidad u obligaci\u00f3n, directa o indirecta, en relaci\u00f3n con los da\u00f1os o p\u00e9rdidas causados, o supuestamente causados, al usar o confiar en el contenido, la publicidad, los productos, los servicios u otros materiales mostrados en esos sitios web enlazados o disponibles a trav\u00e9s de ellos.<\/p>\n<p>Con vistas a garantizar el buen funcionamiento del sitio web y su eficacia, recogemos ciertos datos anal\u00edticos que no incluyen informaci\u00f3n personal ni identificativa acerca de los Usuarios, como direcciones IP, la direcci\u00f3n URL de referencia (de haberla), la ubicaci\u00f3n a nivel de ciudad, el sistema operativo y el navegador, y usamos servicios anal\u00edticos como Google Analytics, \u00fanicamente de conformidad con la legislaci\u00f3n y la normativa aplicables. El sitio web no utiliza cookies, balizas web ni otras tecnolog\u00edas de seguimiento web. Adem\u00e1s, el sitio web no hace un seguimiento de los Usuarios que han seleccionado las opciones \u00abNo realizar seguimiento\u00bb del navegador.<\/p>\n<p>No recogemos ni solicitamos de forma deliberada informaci\u00f3n de identificaci\u00f3n personal de los Usuarios, lo que incluye a los menores de trece (13) a\u00f1os.<\/p>\n<p>Nos reservamos el derecho de actualizar o revisar el presente documento de Condiciones generales y pol\u00edtica de privacidad en cualquier momento sin previo aviso. En la parte superior se indica la \u00faltima fecha de revisi\u00f3n del presente documento de Condiciones generales y pol\u00edtica de privacidad.<\/p>\n<p>El sitio web, la informaci\u00f3n que este contiene, los servicios prestados y el presente documento de Condiciones generales y pol\u00edtica de privacidad estar\u00e1n regulados por la legislaci\u00f3n del estado de Carolina del Norte (EE. UU.), sin referencia a sus normas en materia de conflicto de leyes.<\/p>\n<p>MERGE tiene sus oficinas en 6300 Creedmoor Rd, Ste #170-364, Raleigh, NC 27612 (EE. UU.) y se dedica a la planificaci\u00f3n, gesti\u00f3n y preselecci\u00f3n de participantes para estudios cl\u00ednicos. Si tiene alguna duda o comentario sobre el presente documento de Condiciones generales y pol\u00edtica de privacidad, p\u00f3ngase en contacto con nosotros llamando al tel\u00e9fono <a href=\"tel:#9198323924\">919-832-3924<\/a> o enviando un correo electr\u00f3nico a\u00a0<a href=\"mailto:info@mergellc.com\">info@mergellc.com<\/a>.<\/p>\n<p>[\/et_pb_text][\/et_pb_column][\/et_pb_row][\/et_pb_section]<\/p>\n","protected":false},"excerpt":{"rendered":"<p>CONDICIONES GENERALES Y POL\u00cdTICA DE PRIVACIDAD Entrada en vigor: 16 de junio de 2023 Este sitio web (UlyssesDMD.study) est\u00e1 destinado a informar a posibles participantes acerca de un estudio de investigaci\u00f3n cl\u00ednica (DSC\/14\/2357\/50; en adelante, el estudio \u00abULYSSES\u00bb). Este sitio web est\u00e1 alojado por Merge, LLC (en adelante, \u00abMERGE\u00bb), un proveedor externo que no es [&hellip;]<\/p>\n","protected":false},"author":1,"featured_media":0,"parent":0,"menu_order":0,"comment_status":"closed","ping_status":"closed","template":"","meta":{"_et_pb_use_builder":"on","_et_pb_old_content":"","_et_gb_content_width":"","footnotes":""},"class_list":["post-284","page","type-page","status-publish","hentry"],"_links":{"self":[{"href":"https:\/\/ulyssesdmd.study\/es-es\/wp-json\/wp\/v2\/pages\/284","targetHints":{"allow":["GET"]}}],"collection":[{"href":"https:\/\/ulyssesdmd.study\/es-es\/wp-json\/wp\/v2\/pages"}],"about":[{"href":"https:\/\/ulyssesdmd.study\/es-es\/wp-json\/wp\/v2\/types\/page"}],"author":[{"embeddable":true,"href":"https:\/\/ulyssesdmd.study\/es-es\/wp-json\/wp\/v2\/users\/1"}],"replies":[{"embeddable":true,"href":"https:\/\/ulyssesdmd.study\/es-es\/wp-json\/wp\/v2\/comments?post=284"}],"version-history":[{"count":12,"href":"https:\/\/ulyssesdmd.study\/es-es\/wp-json\/wp\/v2\/pages\/284\/revisions"}],"predecessor-version":[{"id":629,"href":"https:\/\/ulyssesdmd.study\/es-es\/wp-json\/wp\/v2\/pages\/284\/revisions\/629"}],"wp:attachment":[{"href":"https:\/\/ulyssesdmd.study\/es-es\/wp-json\/wp\/v2\/media?parent=284"}],"curies":[{"name":"wp","href":"https:\/\/api.w.org\/{rel}","templated":true}]}}