{"id":284,"date":"2023-07-11T21:12:15","date_gmt":"2023-07-11T21:12:15","guid":{"rendered":"https:\/\/ulyssesdmd.study\/?page_id=284"},"modified":"2025-11-12T17:37:03","modified_gmt":"2025-11-12T17:37:03","slug":"terms-and-conditions-and-privacy-policy","status":"publish","type":"page","link":"https:\/\/ulyssesdmd.study\/pl-pl\/terms-and-conditions-and-privacy-policy\/","title":{"rendered":"ZASADY I WARUNKI ORAZ POLITYKA PRYWATNO\u015aCI"},"content":{"rendered":"<p>[et_pb_section fb_built=&#8221;1&#8243; admin_label=&#8221;WHAT IS THE ULYSSES STUDY&#8221; _builder_version=&#8221;4.21.0&#8243; _module_preset=&#8221;default&#8221; custom_padding=&#8221;132px||||false|false&#8221; global_colors_info=&#8221;{}&#8221;][et_pb_row make_equal=&#8221;on&#8221; custom_padding_last_edited=&#8221;on|phone&#8221; _builder_version=&#8221;4.21.0&#8243; _module_preset=&#8221;default&#8221; background_image=&#8221;https:\/\/ulyssesdmd.study\/pl-pl\/wp-content\/uploads\/2023\/07\/terms-bkg.png&#8221; background_size=&#8221;contain&#8221; background_position=&#8221;bottom_center&#8221; background_vertical_offset=&#8221;-200px&#8221; width_tablet=&#8221;90%&#8221; width_phone=&#8221;90%&#8221; width_last_edited=&#8221;on|tablet&#8221; custom_padding=&#8221;150px||250px||false|false&#8221; custom_padding_tablet=&#8221;219px||219px||true|false&#8221; custom_padding_phone=&#8221;65px||65px||true|false&#8221; background_last_edited=&#8221;on|phone&#8221; background_position_phone=&#8221;bottom_center&#8221; background_vertical_offset_phone=&#8221;0px&#8221; custom_css_main_element=&#8221;align-items:center;&#8221; global_colors_info=&#8221;{}&#8221;][et_pb_column type=&#8221;4_4&#8243; _builder_version=&#8221;4.21.0&#8243; _module_preset=&#8221;default&#8221; global_colors_info=&#8221;{}&#8221;][et_pb_text _builder_version=&#8221;4.27.4&#8243; _module_preset=&#8221;default&#8221; text_text_color=&#8221;#4a4f55&#8243; text_font_size=&#8221;20px&#8221; text_line_height=&#8221;34px&#8221; global_colors_info=&#8221;{}&#8221;]<\/p>\n<p>ZASADY I WARUNKI ORAZ POLITYKA PRYWATNO\u015aCI<\/p>\n<p>Data wej\u015bcia w \u017cycie: 16 czerwca 2023 r.<\/p>\n<p>Ta witryna internetowa (UlyssesDMD.study) ma by\u0107 \u017ar\u00f3d\u0142em informacji na temat badania klinicznego (DSC\/14\/2357\/50 \u201eULYSSES\u201d) dla jego potencjalnych uczestnik\u00f3w. Witryna internetowa jest obs\u0142ugiwana przez Merge, LLC (\u201eMERGE\u201d), zewn\u0119trznego dostawc\u0119 dzia\u0142aj\u0105cego na podstawie umowy ze sponsorem badania (patrz ni\u017cej), kt\u00f3ry nie jest sponsorem badania. \u201eMy\u201d oznacza firm\u0119 MERGE. \u201eU\u017cytkownik\u201d oznacza ka\u017cd\u0105 osob\u0119, kt\u00f3ra odwiedza witryn\u0119. Sponsorem badania oraz tej witryny jest firma Italfarmaco S.p.A., Cinisello Balsamo, W\u0142ochy.<\/p>\n<p>U\u017cytkownicy tej witryny mog\u0105 znale\u017a\u0107 w niej kryteria udzia\u0142u w badaniu, kt\u00f3re pozwol\u0105 im samodzielnie oceni\u0107, czy mog\u0105 si\u0119 do niego kwalifikowa\u0107. U\u017cytkownicy, kt\u00f3rzy uznaj\u0105, \u017ce mog\u0105 kwalifikowa\u0107 si\u0119 do badania, otrzymaj\u0105 list\u0119 o\u015brodk\u00f3w prowadz\u0105cych badanie, z kt\u00f3rymi mog\u0105 si\u0119 skontaktowa\u0107, by uzyska\u0107 wi\u0119cej informacji na temat potencjalnego udzia\u0142u. Ostateczn\u0105 decyzj\u0119 dotycz\u0105c\u0105 udzia\u0142u U\u017cytkownika w badaniu podejmie i zatwierdzi personel o\u015brodka prowadz\u0105cego badanie na podstawie historii medycznej U\u017cytkownika, wynik\u00f3w test\u00f3w oraz innych informacji. Samo spe\u0142nienie wymaga\u0144 w ramach samodzielnej oceny dokonywanej przez U\u017cytkownika NIE oznacza, \u017ce U\u017cytkownik mo\u017ce si\u0119 kwalifikowa\u0107 do badania i \u017ce wyra\u017cona zostanie zgoda na jego udzia\u0142.<\/p>\n<p>Ta witryna internetowa ma charakter czysto informacyjny. Korzystanie przez U\u017cytkownika z witryny NIE tworzy \u017cadnego stosunku prawnego, na podstawie umowy ani w inny spos\u00f3b, mi\u0119dzy Nami lub o\u015brodkiem prowadz\u0105cym badanie a U\u017cytkownikiem albo sponsorem a U\u017cytkownikiem lub innym U\u017cytkownikiem. Korzystanie z witryny i decyzja dotycz\u0105ca kontaktu z o\u015brodkiem prowadz\u0105cym badanie znajduj\u0105cym si\u0119 na udost\u0119pnionej li\u015bcie maj\u0105 charakter dobrowolny i do niczego nie zobowi\u0105zuj\u0105.<\/p>\n<p>W MAKSYMALNYM ZAKRESIE DOZWOLONYM PRZEZ OBOWI\u0104ZUJ\u0104CE PRAWO NIE UDZIELAMY \u017bADNYCH GWARANCJI DOTYCZ\u0104CYCH WITRYNY INTERNETOWEJ, DOK\u0141ADNO\u015aCI I KOMPLETNO\u015aCI INFORMACJI W NIEJ ZAWARTYCH ANI \u017bADNYCH \u015aWIADCZONYCH US\u0141UG. TYM SAMYM WITRYNA, INFORMACJE W NIEJ ZAWARTE ORAZ WSZELKIE US\u0141UGI S\u0104 DOSTARCZANE I AKCEPTOWANE PRZEZ U\u017bYTKOWNIKA W STANIE \u201eTAKIM, W JAKIM S\u0104\u201d, BEZ JAKICHKOLWIEK GWARANCJI. WSZELKIE GWARANCJE, WYRA\u0179NE LUB DOROZUMIANE, W TYM GWARANCJE PRZYDATNO\u015aCI HANDLOWEJ LUB PRZYDATNO\u015aCI DO JAKIEGOKOLWIEK OKRE\u015aLONEGO CELU, S\u0104 SZCZEG\u00d3LNIE WY\u0141\u0104CZONE I WYKLUCZONE. NIE GWARANTUJEMY, \u017bE WITRYNA INTERNETOWA, INFORMACJE W NIEJ ZAWARTE LUB JAKIEKOLWIEK US\u0141UGI SPE\u0141NI\u0104 WYMAGANIA U\u017bYTKOWNIKA, B\u0118D\u0104 DZIA\u0141A\u0106 BEZ ZAK\u0141\u00d3CE\u0143, B\u0118D\u0104 WOLNE OD B\u0141\u0118D\u00d3W, CA\u0141KOWICIE BEZPIECZNE ANI \u017bE WSZELKIE AWARIE ZOSTAN\u0104 WYKRYTE I NAPRAWIONE. W SZCZEG\u00d3LNO\u015aCI ZRZEKAMY SI\u0118 WSZELKIEJ ODPOWIEDZIALNO\u015aCI ZA KOMPLETNO\u015a\u0106, DOK\u0141ADNO\u015a\u0106 LUB JAKO\u015a\u0106 WITRYNY, INFORMACJI W NIEJ ZAWARTYCH LUB JAKICHKOLWIEK \u015aWIADCZONYCH US\u0141UG.<\/p>\n<p>Nie sprawujemy kontroli i nie ponosimy odpowiedzialno\u015bci za osoby trzecie zwi\u0105zane z t\u0105 witryn\u0105, informacje w niej zawarte lub \u015bwiadczone us\u0142ugi, w tym mi\u0119dzy innymi za wymienione na li\u015bcie o\u015brodki prowadz\u0105ce badanie, kt\u00f3re s\u0105 niezale\u017cnymi wykonawcami i nie podlegaj\u0105 kierownictwu i kontroli sp\u00f3\u0142ki MERGE.<\/p>\n<p>Sp\u00f3\u0142ka MERGE nie ponosi odpowiedzialno\u015bci wobec U\u017cytkownika ani os\u00f3b trzecich za jakiekolwiek szkody lub wydatki wynikowe, po\u015brednie, karne, specjalne, retorsyjne lub przypadkowe ani za szkody lub wydatki wszelkiego rodzaju wynikaj\u0105ce z utraty spodziewanych zysk\u00f3w, zak\u0142\u00f3cenia dzia\u0142alno\u015bci, utraty mo\u017cliwo\u015bci korzystania, utraty przychod\u00f3w, uszkodzenia danych, utraty warto\u015bci firmy, koszt\u00f3w kapita\u0142owych, utraty lub uszkodzenia mienia lub sprz\u0119tu oraz utraty reputacji, a tak\u017ce wszelkich innych podobnych szk\u00f3d lub strat wynikaj\u0105cych z umowy, czynu niedozwolonego, odpowiedzialno\u015bci za produkt (w tym zaniedbania lub odpowiedzialno\u015bci obiektywnej) lub w inny spos\u00f3b w zwi\u0105zku z korzystaniem z witryny internetowej, informacji w niej zawartych oraz \u015bwiadczonych us\u0142ug lub wynikaj\u0105cych z takiego korzystania, nawet je\u015bli zostali\u015bmy poinformowani o mo\u017cliwo\u015bci wyst\u0105pienia takich szk\u00f3d lub wydatk\u00f3w.<\/p>\n<p>U\u017cytkownicy nie rejestruj\u0105 si\u0119 w witrynie ani nie podaj\u0105 swoich imion i nazwisk w inny spos\u00f3b, dlatego \u017cadne dane osobowe U\u017cytkownik\u00f3w, takie jak imi\u0119 i nazwisko, adres, numer telefonu czy adres e\u2011mail, nie s\u0105 zachowywane, gromadzone ani udost\u0119pniane. Samodzielna ocena U\u017cytkownik\u00f3w dotycz\u0105ca spe\u0142niania przez nich kryteri\u00f3w udzia\u0142u w badaniu jest anonimowa. Decyzja o skontaktowaniu si\u0119 z wymienionym na li\u015bcie o\u015brodkiem prowadz\u0105cym badanie nale\u017cy tylko i wy\u0142\u0105cznie do U\u017cytkownika, a witryna nie udost\u0119pnia \u017cadnych informacji pozwalaj\u0105cych na identyfikacj\u0119 ani innych informacji o U\u017cytkowniku \u017cadnemu o\u015brodkowi prowadz\u0105cemu badanie ani innej osobie trzeciej.<\/p>\n<p>Witryna mo\u017ce zawiera\u0107 \u0142\u0105cza do witryn os\u00f3b trzecich, takich jak o\u015brodki prowadz\u0105ce badanie. Nie zarz\u0105dzamy witrynami os\u00f3b trzecich ani ich nie kontrolujemy. Je\u015bli U\u017cytkownik udost\u0119pnia dane osobowe w witrynach, do kt\u00f3rych prowadz\u0105 \u0142\u0105cza, dane te podlegaj\u0105 polityce prywatno\u015bci tych witryn i\/lub obowi\u0105zuj\u0105cemu prawu. Nie ponosimy odpowiedzialno\u015bci, bezpo\u015brednio ani po\u015brednio, za jakiekolwiek szkody lub straty spowodowane lub rzekomo spowodowane przez lub w zwi\u0105zku z korzystaniem lub poleganiem na jakichkolwiek tre\u015bciach, reklamach, produktach, us\u0142ugach lub innych materia\u0142ach dost\u0119pnych lub znajduj\u0105cych si\u0119 w witrynach, do kt\u00f3rych odsy\u0142aj\u0105 te \u0142\u0105cza.<\/p>\n<p>Aby zapewnia\u0107 sprawne dzia\u0142anie witryny i jej skuteczno\u015b\u0107, gromadzimy pewne ograniczone informacje analityczne, kt\u00f3re nie zawieraj\u0105 \u017cadnych danych osobowych ani informacji umo\u017cliwiaj\u0105cych identyfikacj\u0119 U\u017cytkownik\u00f3w, takie jak adresy IP, polecaj\u0105cy adres URL (je\u015bli dotyczy), lokalizacja na poziomie miasta, typ przegl\u0105darki i systemu operacyjnego, a tak\u017ce korzystamy z us\u0142ug analitycznych, takich jak Google Analytics, kt\u00f3rych u\u017cywamy zgodnie z obowi\u0105zuj\u0105cym prawem i przepisami. Witryna internetowa nie wykorzystuje \u017cadnych plik\u00f3w cookie, sygnalizator\u00f3w sieci Web ani innych technologii \u015bledzenia w sieci. Ponadto witryna nie \u015bledzi w inny spos\u00f3b U\u017cytkownik\u00f3w, kt\u00f3rzy ustawili w przegl\u0105darce opcj\u0119 \u201eDo Not Track\u201d.<\/p>\n<p>Nie gromadzimy \u015bwiadomie od U\u017cytkownik\u00f3w informacji umo\u017cliwiaj\u0105cych identyfikowanie os\u00f3b, w tym dzieci poni\u017cej trzynastego (13) roku \u017cycia, ani nie zabiegamy o nie.<\/p>\n<p>Zastrzegamy sobie prawo do aktualizacji lub zmiany niniejszych Warunk\u00f3w i zasad oraz Polityki prywatno\u015bci w dowolnym momencie, bez uprzedniego powiadomienia. Data najnowszej aktualizacji niniejszych Warunk\u00f3w i zasad oraz Polityki prywatno\u015bci znajduje si\u0119 powy\u017cej.<\/p>\n<p>Witryna internetowa, informacje w niej zawarte, wszelkie \u015bwiadczone us\u0142ugi oraz niniejsze Warunki i zasady, a tak\u017ce Polityka prywatno\u015bci podlegaj\u0105 prawu stanu Karolina P\u00f3\u0142nocna, bez wzgl\u0119du na jego normy kolizyjne.<\/p>\n<p>Siedziba sp\u00f3\u0142ki MERGE znajduje si\u0119 pod adresem 6300 Creedmoor Rd, Ste #170-364, Raleigh, NC 27612. MERGE wspomaga proces planowania, zarz\u0105dzania i rekrutowania pacjent\u00f3w do bada\u0144 klinicznych. W razie jakichkolwiek pyta\u0144 lub uwag dotycz\u0105cych niniejszych Warunk\u00f3w i zasad oraz Polityki prywatno\u015bci prosimy o kontakt pod numerem telefonu <a href=\"tel:9198323924\">919\u2011832\u20113924<\/a> lub wys\u0142anie wiadomo\u015bci e\u2011mail na adres <a href=\"mailto:info@mergellc.com\">info@mergellc.com<\/a>.<\/p>\n<p>[\/et_pb_text][\/et_pb_column][\/et_pb_row][\/et_pb_section]<\/p>\n","protected":false},"excerpt":{"rendered":"<p>ZASADY I WARUNKI ORAZ POLITYKA PRYWATNO\u015aCI Data wej\u015bcia w \u017cycie: 16 czerwca 2023 r. Ta witryna internetowa (UlyssesDMD.study) ma by\u0107 \u017ar\u00f3d\u0142em informacji na temat badania klinicznego (DSC\/14\/2357\/50 \u201eULYSSES\u201d) dla jego potencjalnych uczestnik\u00f3w. Witryna internetowa jest obs\u0142ugiwana przez Merge, LLC (\u201eMERGE\u201d), zewn\u0119trznego dostawc\u0119 dzia\u0142aj\u0105cego na podstawie umowy ze sponsorem badania (patrz ni\u017cej), kt\u00f3ry nie jest sponsorem [&hellip;]<\/p>\n","protected":false},"author":1,"featured_media":0,"parent":0,"menu_order":0,"comment_status":"closed","ping_status":"closed","template":"","meta":{"_et_pb_use_builder":"on","_et_pb_old_content":"","_et_gb_content_width":"","footnotes":""},"class_list":["post-284","page","type-page","status-publish","hentry"],"_links":{"self":[{"href":"https:\/\/ulyssesdmd.study\/pl-pl\/wp-json\/wp\/v2\/pages\/284","targetHints":{"allow":["GET"]}}],"collection":[{"href":"https:\/\/ulyssesdmd.study\/pl-pl\/wp-json\/wp\/v2\/pages"}],"about":[{"href":"https:\/\/ulyssesdmd.study\/pl-pl\/wp-json\/wp\/v2\/types\/page"}],"author":[{"embeddable":true,"href":"https:\/\/ulyssesdmd.study\/pl-pl\/wp-json\/wp\/v2\/users\/1"}],"replies":[{"embeddable":true,"href":"https:\/\/ulyssesdmd.study\/pl-pl\/wp-json\/wp\/v2\/comments?post=284"}],"version-history":[{"count":15,"href":"https:\/\/ulyssesdmd.study\/pl-pl\/wp-json\/wp\/v2\/pages\/284\/revisions"}],"predecessor-version":[{"id":648,"href":"https:\/\/ulyssesdmd.study\/pl-pl\/wp-json\/wp\/v2\/pages\/284\/revisions\/648"}],"wp:attachment":[{"href":"https:\/\/ulyssesdmd.study\/pl-pl\/wp-json\/wp\/v2\/media?parent=284"}],"curies":[{"name":"wp","href":"https:\/\/api.w.org\/{rel}","templated":true}]}}