{"id":284,"date":"2023-07-11T21:12:15","date_gmt":"2023-07-11T21:12:15","guid":{"rendered":"https:\/\/ulyssesdmd.study\/?page_id=284"},"modified":"2025-11-06T07:35:40","modified_gmt":"2025-11-06T07:35:40","slug":"terms-and-conditions-and-privacy-policy","status":"publish","type":"page","link":"https:\/\/ulyssesdmd.study\/se-sv\/terms-and-conditions-and-privacy-policy\/","title":{"rendered":"VILLKOR OCH INTEGRITETSPOLICY"},"content":{"rendered":"<p>[et_pb_section fb_built=&#8221;1&#8243; admin_label=&#8221;WHAT IS THE ULYSSES STUDY&#8221; _builder_version=&#8221;4.21.0&#8243; _module_preset=&#8221;default&#8221; custom_padding=&#8221;132px||||false|false&#8221; global_colors_info=&#8221;{}&#8221;][et_pb_row make_equal=&#8221;on&#8221; custom_padding_last_edited=&#8221;on|phone&#8221; _builder_version=&#8221;4.21.0&#8243; _module_preset=&#8221;default&#8221; background_image=&#8221;https:\/\/ulyssesdmd.study\/se-sv\/wp-content\/uploads\/2023\/07\/terms-bkg.png&#8221; background_size=&#8221;contain&#8221; background_position=&#8221;bottom_center&#8221; background_vertical_offset=&#8221;-200px&#8221; width_tablet=&#8221;90%&#8221; width_phone=&#8221;90%&#8221; width_last_edited=&#8221;on|tablet&#8221; custom_padding=&#8221;150px||250px||false|false&#8221; custom_padding_tablet=&#8221;219px||219px||true|false&#8221; custom_padding_phone=&#8221;65px||65px||true|false&#8221; background_last_edited=&#8221;on|phone&#8221; background_position_phone=&#8221;bottom_center&#8221; background_vertical_offset_phone=&#8221;0px&#8221; custom_css_main_element=&#8221;align-items:center;&#8221; global_colors_info=&#8221;{}&#8221;][et_pb_column type=&#8221;4_4&#8243; _builder_version=&#8221;4.21.0&#8243; _module_preset=&#8221;default&#8221; global_colors_info=&#8221;{}&#8221;][et_pb_text _builder_version=&#8221;4.27.4&#8243; _module_preset=&#8221;default&#8221; text_text_color=&#8221;#4a4f55&#8243; text_font_size=&#8221;20px&#8221; text_line_height=&#8221;34px&#8221; hover_enabled=&#8221;0&#8243; global_colors_info=&#8221;{}&#8221; sticky_enabled=&#8221;0&#8243;]<\/p>\n<p>VILLKOR OCH INTEGRITETSPOLICY<\/p>\n<p>G\u00e4ller fr\u00e5n och med: 16 juni 2023<\/p>\n<p>Denna webbplats (UlyssesDMD.study) \u00e4r avsedd att informera potentiella deltagare om en klinisk forskningsstudie (DSC\/14\/2357\/50 &#8220;ULYSSES&#8221;). Denna webbplats drivs av Merge, LLC (&#8220;MERGE&#8221;), en tredjepartsleverant\u00f6r enligt avtal med studiens sponsor (se nedan) och \u00e4r inte en sponsor av studien. Med \u201doss\u201d och \u201dvi\u201d avses MERGE. Med \u201danv\u00e4ndare\u201d och \u201ddu\u201d avses de personer som bes\u00f6ker webbplatsen. Sponsor f\u00f6r studien och denna webbplats \u00e4r Italfarmaco S.p.A., Cinisello Balsamo, Italien.<\/p>\n<p>Anv\u00e4ndare av denna webbplats f\u00e5r kriterier att ta h\u00e4nsyn till som del i en sj\u00e4lvskattning f\u00f6r att avg\u00f6ra om de kan vara l\u00e4mpliga som deltagare i studien. Anv\u00e4ndare som tror att de \u00e4r l\u00e4mpliga som deltagare erbjuds att kontakta en angiven studieklinik f\u00f6r ytterligare information om eventuellt deltagande i studien. Baserat p\u00e5 anv\u00e4ndarens sjukdomshistoria, tester och annan information kommer studiekliniken att slutgiltigt avg\u00f6ra huruvida anv\u00e4ndaren \u00e4r l\u00e4mplig och godk\u00e4nd som deltagare i studien. Att uppfylla kraven i sj\u00e4lvskattningen inneb\u00e4r i sig INTE att en anv\u00e4ndare \u00e4r l\u00e4mplig och godk\u00e4nd som deltagare i studien.<\/p>\n<p>Denna webbplats tillhandah\u00e5lls endast i informationssyfte. Din anv\u00e4ndning av webbplatsen skapar INTE n\u00e5got r\u00e4ttsligt f\u00f6rh\u00e5llande, vare sig genom avtal eller p\u00e5 annat s\u00e4tt, mellan oss eller en studieklinik och dig, eller sponsorn och dig eller en annan anv\u00e4ndare. Din anv\u00e4ndning av webbplatsen och ditt beslut att kontakta en angiven studieklinik \u00e4r frivilligt och utan f\u00f6rpliktelse.<\/p>\n<p>I DEN UTSTR\u00c4CKNING SOM TILL\u00c5TS ENLIGT TILL\u00c4MPLIG LAG L\u00c4MNAR VI INGA GARANTIER AVSEENDE WEBBPLATSEN, RIKTIGHETEN OCH FULLST\u00c4NDIGHETEN I DEN INFORMATION SOM FINNS P\u00c5 WEBBPLATSEN OCH DE TJ\u00c4NSTER SOM TILLHANDAH\u00c5LLS. D\u00c4RF\u00d6R TILLHANDAH\u00c5LLS OCH ACCEPTERAS WEBBPLATSEN, INFORMATIONEN D\u00c4RP\u00c5 OCH ALLA TJ\u00c4NSTER AV ANV\u00c4NDAREN &#8220;I BEFINTLIGT SKICK&#8221; UTAN N\u00c5GON SOM HELST GARANTI. ALLA GARANTIER, UTTRYCKLIGA ELLER UNDERF\u00d6RST\u00c5DDA, INKLUSIVE GARANTIER OM S\u00c4LJBARHET ELLER L\u00c4MPLIGHET F\u00d6R N\u00c5GOT S\u00c4RSKILT \u00c4NDAM\u00c5L, \u00c4R UTTRYCKLIGEN UTESLUTNA OCH OMFATTAS INTE AV N\u00c5GOT ANSVAR. VI GARANTERAR INTE ATT WEBBPLATSEN, INFORMATIONEN P\u00c5 DEN ELLER N\u00c5GRA TJ\u00c4NSTER UPPFYLLER ANV\u00c4NDARENS KRAV, FUNGERAR UTAN AVBROTT, \u00c4R FELFRI, HELT S\u00c4KER ELLER ATT EVENTUELLA FEL UPPT\u00c4CKS OCH \u00c5TG\u00c4RDAS. VI FRISKRIVER OSS SPECIFIKT FR\u00c5N OCH FR\u00c5NS\u00c4GER OSS ALLT ANSVAR F\u00d6R FULLST\u00c4NDIGHETEN, RIKTIGHETEN ELLER KVALITETEN P\u00c5 WEBBPLATSEN, DEN INFORMATION SOM FINNS D\u00c4R OCH DE TJ\u00c4NSTER SOM TILLHANDAH\u00c5LLS.<\/p>\n<p>Vi ut\u00f6var ingen kontroll \u00f6ver, och accepterar inget ansvar f\u00f6r, n\u00e5gon tredje part som \u00e4r associerad med webbplatsen, informationen som finns d\u00e4r eller n\u00e5gra tj\u00e4nster som tillhandah\u00e5lls, inklusive men inte begr\u00e4nsat till de angivna studieklinikerna, som \u00e4r oberoende entrepren\u00f6rer och st\u00e5r utanf\u00f6r MERGEs ledning och kontroll.<\/p>\n<p>MERGE ska inte vara ansvarigt gentemot anv\u00e4ndaren eller n\u00e5gon tredje part f\u00f6r n\u00e5gra f\u00f6ljdskador, indirekta, straffr\u00e4ttsliga, s\u00e4rskilda, skadest\u00e5ndsrelaterade eller tillf\u00e4lliga skador eller utgifter, eller skador eller utgifter av n\u00e5got slag som h\u00e4rr\u00f6r fr\u00e5n f\u00f6rlust av f\u00f6rv\u00e4ntad vinst, avbrott i verksamheten, f\u00f6rlust av anv\u00e4ndning, f\u00f6rlust av int\u00e4kter, datakorruption, f\u00f6rlust av goodwill, kapitalkostnader, f\u00f6rlust av eller skada p\u00e5 egendom eller utrustning, och f\u00f6rlust av anseende eller alla andra liknande skador eller f\u00f6rluster, oavsett om det r\u00f6r sig om avtal, skadest\u00e5nd, produktansvar (inklusive v\u00e5rdsl\u00f6shet eller strikt ansvar) eller annat i samband med eller till f\u00f6ljd av anv\u00e4ndningen av webbplatsen, informationen d\u00e4rp\u00e5 och alla tj\u00e4nster som tillhandah\u00e5lls, \u00e4ven om vi \u00e4r medvetna om m\u00f6jligheten att s\u00e5dana skador eller utgifter kan uppst\u00e5.<\/p>\n<p>Eftersom anv\u00e4ndarna inte registrerar sig p\u00e5 webbplatsen eller p\u00e5 annat s\u00e4tt uppger sina namn, sparas, samlas eller delas ingen personlig information om anv\u00e4ndarna, s\u00e5som namn, adress, telefonnummer och e postadress. Anv\u00e4ndarna \u00f6verv\u00e4ger sj\u00e4lvskattningskriterierna anonymt. Valet att kontakta en angiven studieklinik ligger helt och h\u00e5llet hos den enskilda anv\u00e4ndaren och webbplatsen f\u00f6rser inte n\u00e5gon studieklinik eller n\u00e5gon annan tredje part med identifierande information eller annan information om en anv\u00e4ndare.<\/p>\n<p>Webbplatsen kan inneh\u00e5lla l\u00e4nkar till tredje part, t.ex. studieklinikerna. Vi hanterar eller kontrollerar inte dessa tredjeparters webbplatser.<br \/>Om du l\u00e4mnar personuppgifter till dessa l\u00e4nkade webbplatser regleras dessa personuppgifter av deras integritetspolicy och\/eller till\u00e4mplig lag.<br \/>Vi \u00e4r inte ansvariga eller skadest\u00e5ndsskyldiga, direkt eller indirekt, f\u00f6r n\u00e5gon skada eller f\u00f6rlust som orsakats eller p\u00e5st\u00e5s ha orsakats av eller i<br \/>samband med din anv\u00e4ndning av eller tillit till inneh\u00e5ll, reklam, produkter, tj\u00e4nster eller annat material p\u00e5 eller tillg\u00e4ngligt fr\u00e5n dessa l\u00e4nkade<br \/>webbplatser.<\/p>\n<p>F\u00f6r att s\u00e4kerst\u00e4lla att webbplatsen fungerar smidigt och att den \u00e4r effektiv samlar vi in viss begr\u00e4nsad analysinformation som inte inneh\u00e5ller n\u00e5gon personlig eller identifierande information om anv\u00e4ndare, t.ex. IP-adresser, h\u00e4nvisande URL (om s\u00e5dan finns), plats p\u00e5 stadsniv\u00e5, webbl\u00e4sare och operativsystem, och anv\u00e4nder analystj\u00e4nster som Google Analytics, som vi endast kommer att anv\u00e4nda i enlighet med till\u00e4mpliga lagar och f\u00f6rordningar. Inga kakor, webbfyrar eller andra tekniker f\u00f6r webbsp\u00e5rning anv\u00e4nds p\u00e5 webbplatsen. Dessutom sp\u00e5rar webbplatsen inte p\u00e5 annat s\u00e4tt anv\u00e4ndare som har valt de webbl\u00e4sarbaserade \u201dsp\u00e5ra ej&#8221;-signalerna.<\/p>\n<p>Vi samlar inte medvetet in eller beg\u00e4r personligt identifierbar information fr\u00e5n anv\u00e4ndare, inklusive barn under tretton (13) \u00e5rs \u00e5lder<\/p>\n<p>Vi f\u00f6rbeh\u00e5ller oss r\u00e4tten att uppdatera eller revidera dessa villkor och denna integritetspolicy n\u00e4r som helst utan f\u00f6reg\u00e5ende meddelande. Det senaste datumet d\u00e5 dessa villkor och denna integritetspolicy reviderades anges ovan.<\/p>\n<p>Webbplatsen, informationen p\u00e5 den, alla tj\u00e4nster som tillhandah\u00e5lls samt dessa villkor och denna integritetspolicy ska regleras av lagarna i delstaten North Carolina i USA utan h\u00e4nsyn till dess lagvalsregler.<\/p>\n<p>MERGE har adressen 6300 Creedmoor Rd, Ste #170-364, Raleigh, NC 27612 USA och st\u00f6der planering, hantering och rekrytering av deltagare till kliniska studier. Om du har n\u00e5gra fr\u00e5gor eller kommentarer om dessa villkor och denna integritetspolicy kan du kontakta oss p\u00e5 +1 <a href=\"#tel:919-832-3924\">919-832-3924<\/a> eller via e-post <a href=\"mailto:info@mergellc.com\">info@mergellc.com<\/a>.<\/p>\n<p>[\/et_pb_text][\/et_pb_column][\/et_pb_row][\/et_pb_section]<\/p>\n","protected":false},"excerpt":{"rendered":"<p>VILLKOR OCH INTEGRITETSPOLICY G\u00e4ller fr\u00e5n och med: 16 juni 2023 Denna webbplats (UlyssesDMD.study) \u00e4r avsedd att informera potentiella deltagare om en klinisk forskningsstudie (DSC\/14\/2357\/50 &#8220;ULYSSES&#8221;). Denna webbplats drivs av Merge, LLC (&#8220;MERGE&#8221;), en tredjepartsleverant\u00f6r enligt avtal med studiens sponsor (se nedan) och \u00e4r inte en sponsor av studien. Med \u201doss\u201d och \u201dvi\u201d avses MERGE. Med [&hellip;]<\/p>\n","protected":false},"author":1,"featured_media":0,"parent":0,"menu_order":0,"comment_status":"closed","ping_status":"closed","template":"","meta":{"_et_pb_use_builder":"on","_et_pb_old_content":"","_et_gb_content_width":"","footnotes":""},"class_list":["post-284","page","type-page","status-publish","hentry"],"_links":{"self":[{"href":"https:\/\/ulyssesdmd.study\/se-sv\/wp-json\/wp\/v2\/pages\/284","targetHints":{"allow":["GET"]}}],"collection":[{"href":"https:\/\/ulyssesdmd.study\/se-sv\/wp-json\/wp\/v2\/pages"}],"about":[{"href":"https:\/\/ulyssesdmd.study\/se-sv\/wp-json\/wp\/v2\/types\/page"}],"author":[{"embeddable":true,"href":"https:\/\/ulyssesdmd.study\/se-sv\/wp-json\/wp\/v2\/users\/1"}],"replies":[{"embeddable":true,"href":"https:\/\/ulyssesdmd.study\/se-sv\/wp-json\/wp\/v2\/comments?post=284"}],"version-history":[{"count":12,"href":"https:\/\/ulyssesdmd.study\/se-sv\/wp-json\/wp\/v2\/pages\/284\/revisions"}],"predecessor-version":[{"id":622,"href":"https:\/\/ulyssesdmd.study\/se-sv\/wp-json\/wp\/v2\/pages\/284\/revisions\/622"}],"wp:attachment":[{"href":"https:\/\/ulyssesdmd.study\/se-sv\/wp-json\/wp\/v2\/media?parent=284"}],"curies":[{"name":"wp","href":"https:\/\/api.w.org\/{rel}","templated":true}]}}